{"id":3,"date":"2024-02-09T11:09:53","date_gmt":"2024-02-09T10:09:53","guid":{"rendered":"https:\/\/www.gemeinschaftsverpflegung.de\/?page_id=3"},"modified":"2024-02-29T16:33:42","modified_gmt":"2024-02-29T15:33:42","slug":"datenschutzerklaerung","status":"publish","type":"page","link":"https:\/\/www.gemeinschaftsverpflegung.de\/index.php\/datenschutzerklaerung\/","title":{"rendered":"Impressum \/ Datenschutzerkl\u00e4rung"},"content":{"rendered":"<p><strong>Postanschrift:<\/strong><br>kamasys GmbH<br>Friedrichstra\u00dfe 95<br>10117 Berlin<\/p><p><strong>Firmensitz:<\/strong><br>Internationales Handelszentrum Berlin<br>kamasys GmbH<br>Friedrichstra\u00dfe 95<br>10117 Berlin<\/p><p>Telefon: +49-30 2096 3919<br>Telefax: +49-30 2096 3950<br>E-Mail:&nbsp;<a href=\"mailto:info@kamasys.de\" target=\"_blank\" rel=\"noreferrer noopener\">info@kamasys.de<\/a><\/p><p><strong>Gesch\u00e4ftsf\u00fchrer:<\/strong><br>Marcel Konrad<\/p><p><strong>Handelsregister:<\/strong><br>HRB 91090 Amtsgericht Berlin-Charlottenburg<\/p><p><strong>Steuernummer:<\/strong><br>Ust-Id-Nr. DE813864384<\/p><p><strong>Haftungsausschluss:<\/strong><\/p><p><strong>Informationen auf dieser Webseite<\/strong><br>Die Inhalte unserer Internetseite werden mit gr\u00f6\u00dfter Sorgfalt recherchiert. Dennoch kann der Anbieter keine Haftung f\u00fcr die Richtigkeit, Vollst\u00e4ndigkeit und Aktualit\u00e4t der bereit gestellten Informationen \u00fcbernehmen.<\/p><p><strong>Externe Links<\/strong><br>Diese Website enth\u00e4lt Verkn\u00fcpfungen zu Websites Dritter (\u201cexterne Links\u201d). Diese Websites unterliegen der Haftung der jeweiligen Betreiber. Der Anbieter hat bei der erstmaligen Verkn\u00fcpfung der externen Links die fremden Inhalte daraufhin \u00fcberpr\u00fcft, ob etwaige Rechtsverst\u00f6\u00dfe bestehen. Zu dem Zeitpunkt waren keine Rechtsverst\u00f6\u00dfe ersichtlich. Der Anbieter hat keinerlei Einfluss auf die aktuelle und zuk\u00fcnftige Gestaltung und auf die Inhalte der verkn\u00fcpften Seiten. Das Setzen von externen Links bedeutet nicht, dass sich der Anbieter die hinter dem Verweis oder Link liegenden Inhalte zu Eigen macht. Eine st\u00e4ndige Kontrolle dieser externen Links ist f\u00fcr den Anbieter ohne konkrete Hinweise auf Rechtsverst\u00f6\u00dfe nicht zumutbar. Bei Kenntnis von Rechtsverst\u00f6\u00dfen werden jedoch derartige externe Links unverz\u00fcglich gel\u00f6scht.<\/p><p><strong>Werbeanzeigen und Preisangaben<\/strong><br>F\u00fcr den Inhalt der Werbeanzeigen ist der jeweilige Autor verantwortlich, ebenso wie f\u00fcr den Inhalt der beworbenen Website. Die Darstellung der Werbeanzeige stellt keine Akzeptanz durch den Anbieter dar. Die platzierten Preisangaben f\u00fcr Produkte und Dienstleistungen sind ohne Gew\u00e4hr.<\/p><h3 class=\"wp-block-heading has-x-large-font-size\"><strong>Datenschutzerkl\u00e4rung<\/strong><\/h3><p>Herzlich willkommen auf der Homepage der kamasys GmbH. Wir freuen uns \u00fcber Ihren Besuch und bedanken uns f\u00fcr das entgegengebrachte Interesse.<\/p><p>Datenschutz und -sicherheit sind uns sehr wichtig. Daher m\u00f6chten wir Sie nachfolgend informieren, welche personenbezogene Daten wir erfassen und zu welchem Zweck.<\/p><h3 class=\"wp-block-heading\"><strong>Verantwortlicher&nbsp;<\/strong><\/h3><p>kamasys GmbH<br>Marcel Konrad<br>Friedrichstra\u00dfe 95<br>10117 Berlin<br>Tel.: +49-30 2096 3919<br>E-Mail: info@kamasys.de<\/p><h3 class=\"wp-block-heading\"><strong>Datenschutzbeauftragter<\/strong><\/h3><p>kamasys GmbH<br>Friedensstra\u00dfe 54<br>08523 Plauen<br>Tel.: +49-3741 4056783<br>E-Mail: datenschutz@kamasys.de<\/p><h3 class=\"wp-block-heading\"><strong>Geltungsbereich<\/strong><\/h3><p>Diese Erkl\u00e4rung erfolgt im Sinne der EU-Datenschutzgrundverordnung (DSGVO) und bildet zusammen mit dem Bundesdatenschutzgesetz-neu (BDSG-neu) sowie dem Telemediengesetz (TMG) den rechtlichen Rahmen. Sie gilt f\u00fcr die Domaine&nbsp;<a href=\"https:\/\/www.kamasys.de\/\">www.kamasys.de<\/a>und den dazugeh\u00f6rigen Unterseiten.<\/p><p>Sie erhalten mit dieser Datenschutzerkl\u00e4rung Informationen \u00fcber die Art, den Umfang und den Zweck der Erhebung personenbezogener Daten. Personenbezogene Daten sind nach Artikel 4 DSGVO \u201e\u2026alle Informationen, die sich auf eine identifizierte oder identifizierbare nat\u00fcrliche Person (im Folgenden \u201ebetroffene Person\u201c) beziehen; als identifizierbar wird eine nat\u00fcrliche Person angesehen, die direkt oder indirekt, insbesondere mittels Zuordnung zu einer Kennung wie einem Namen, zu einer Kennnummer, zu Standortdaten, zu einer Online-Kennung oder zu einem oder mehreren besonderen Merkmalen identifiziert werden kann, die Ausdruck der physischen, physiologischen, genetischen, psychischen, wirtschaftlichen, kulturellen oder sozialen Identit\u00e4t dieser nat\u00fcrlichen Person sind;\u201c.<\/p><p>F\u00fcr die Bereitstellung verschiedener Services verarbeiten wir personenbezogene Daten. In den nachfolgenden Abschnitten informieren wir Sie \u00fcber die konkreten Vorg\u00e4nge.<\/p><h3 class=\"wp-block-heading\"><strong>Einzelne Verarbeitungsvorg\u00e4nge<\/strong><\/h3><p>Bereitstellung und Nutzung der Webseite<\/p><p>Bei Aufrufen unserer Webseite erheben wir personenbezogene Daten, die Ihr Browser an unseren Server \u00fcbermittelt. Diese Speicherung erfolgt tempor\u00e4r und sind f\u00fcr uns technisch erforderlich:<\/p><p>IP-Adresse des Rechners, Datum sowie Uhrzeit, Name bzw. URL der Datei, verwendeter Browser und das Betriebssystem.<\/p><p>Rechtsgrundlage f\u00fcr diese Verarbeitung ist Art. 6 Abs. 1 (f) DSGVO \u2013 die Verarbeitung der o.g. Daten ist notwendig f\u00fcr die Bereitstellung unserer Webseite und dient somit der Wahrung eines berechtigten Interesses unseres Unternehmens. Sobald diese Daten nicht mehr erforderlich sind, werden sie gel\u00f6scht. Es besteht somit auch keine Widerspruchsm\u00f6glichkeit seitens des Nutzers.<\/p><p>Newsletter<\/p><p>Sie haben auf unserer Webseite die M\u00f6glichkeit, unseren Newsletter zu abonnieren. Hierf\u00fcr ben\u00f6tigen wir Ihre E-Mail-Adresse. Diese wird nicht an Dritte weitergegeben.<\/p><p>Wir verwenden das sogenannte Double Opt-In-Verfahren: wir werden Ihnen erst den Newsletter zusenden, wenn Sie zuvor Ihre Anmeldung durch eine Einwilligungserkl\u00e4rung \u00fcber einen Link in einer Best\u00e4tigungsmail aktiviert haben.<\/p><p>Kontaktformular<\/p><p>Das Kontaktformular der kamasys GmbH ben\u00f6tigt verschiedene personenbezogene Angaben wie Name, E-Mail-Adresse und Telefonnummer. Zweck ist die Bearbeitung Ihrer Anfrage. Optional k\u00f6nnen Betreff und Nachricht eingef\u00fcgt werden \u2013 diese beiden Bereiche sind f\u00fcr eine sinnvolle und schnellstm\u00f6gliche Beantwortung Ihres Anliegens notwendig.<\/p><p>Rechtsgrundlage w\u00e4re hierbei Ihre aktive Einwilligungserkl\u00e4rung nach Art. 6 Abs. 1 (a) DSGVO:<\/p><h3 class=\"wp-block-heading\"><strong><em>Einwilligungserkl\u00e4rung zur Erhebung meiner Daten<\/em><\/strong><\/h3><p><em>Mit der Eingabe meiner Daten und der Best\u00e4tigung des Buttons \u201eAbschicken\u201c erkl\u00e4re ich mein Einverst\u00e4ndnis zur Verarbeitung meiner E-Mail-Adresse, meines Namens und Telefonnummer f\u00fcr die Beantwortung meiner Kontaktanfrage.<\/em><\/p><p><em>Ich habe die aktuelle Datenschutzerkl\u00e4rung [Verlinkung] der Firma kamasys GmbH gelesen und akzeptiere diese.&nbsp;<\/em><\/p><p><em>Diese Einwilligung kann ich jederzeit mit zuk\u00fcnftiger Wirkung widerrufen:&nbsp;<\/em><em>datenschutz@kamasys.de<\/em><em>.<\/em><\/p><p>Ihre Daten werden so lange gespeichert bis der Sachverhalt abschlie\u00dfend gekl\u00e4rt ist und in keine Aufbewahrungsfristen f\u00e4llt und somit in keine gesetzlichen Vorschriften f\u00e4llt.<\/p><h3 class=\"wp-block-heading\"><strong>Cookies \u2013 Tracking- und Analysetools \u2013 Plugins<\/strong><\/h3><p>Wir verwenden auf unserer Homepage sogenannte Cookies. Diese Textdateien werden aufgrund Ihres Besuches unserer Webseiten von uns an den Browser Ihres Endger\u00e4tes gesendet und dort gespeichert. Einige Funktionen k\u00f6nnten sonst nicht angeboten werden \u2013 technische Cookies. Andere unterst\u00fctzen verschiedene Analysen, damit wir unsere Seite f\u00fcr Sie immer wieder nutzerfreundlicher und auch effektiver gestalten k\u00f6nnen. Ebenso kann man durch Einsatz leistungsbezogener Cookies erkennen, ob eine Seite Fehlermeldungen aufzeigt.<\/p><p>Rechtsgrundlage f\u00fcr die Verarbeitung personenbezogener Daten unter Verwendung der Cookies ist zum einen Art. 6 Abs. 1 (f) DSGVO, zum anderen mit Einwilligung des \u201eCookie-Fensters\u201c zus\u00e4tzlich Art. 6 Abs. 1 (a). Sobald die durch die Cookies an uns \u00fcbermittelten Daten nicht mehr zweckdienlich sind, werden diese Informationen gel\u00f6scht.<\/p><p>Standartm\u00e4\u00dfig sind die Browser voreingestellt und akzeptieren Cookies automatisch. Dies k\u00f6nnen Sie jedoch selbst beeinflussen und konfigurieren Ihren Browser so, dass er nur noch bestimmte Cookies akzeptiert. In diesen Einstellungen k\u00f6nnen bereits gespeicherte Cookies l\u00f6schen oder die Funktionsweise so einstellen, dass Sie benachrichtigt werden, bevor Cookies gespeichert werden.<\/p><div class=\"wp-block-group is-vertical is-layout-flex wp-container-core-group-is-layout-8cf370e7 wp-block-group-is-layout-flex\"><p><\/p><\/div><p>Weitere Plugins:<\/p><p>Advanced Custom Fields Multilingual<\/p><p>Akismet Anti-Spam (Auto-Anti-Spam)<\/p><p>BackWPup (Backup)<\/p><p>Contact Form 7: Kontaktformular<\/p><p>Duplicate Post (Kopieren von Beitr\u00e4gen)<\/p><p>Eggplant 301 Redirects<\/p><p>Insert Headers and Footers<\/p><p>Jetpack von&nbsp;<a href=\"http:\/\/wordpress.com\/\">WordPress.com<\/a>(Statistiken)<\/p><p>LayerSlider WP: Slider<\/p><p>MailPoet 2<\/p><p>Massenl\u00f6schung<\/p><p>Qode Instagram Widget<\/p><p>Qode Twitter Feed<\/p><p>Rockstar Map for WordPress<\/p><p>Share a Draft<\/p><p>Slider Revolution<\/p><p>WPBakery Visual Composer (Theme-Builder)<\/p><p>WPML CMS Nav<\/p><p>WPML Media<\/p><p>WPML Multilingual CMS (Mehrsprachigkeit)<\/p><p>WPML Sticky Links<\/p><p>WPML String Translation<\/p><p>WPML Translation Management<\/p><p>Yoast SEO Premium: Suchmaschinen-Optimierung<\/p><p>\u00d6ffentliche Vorschau f\u00fcr Beitr\u00e4ge<\/p><p><strong>TeamViewer<\/strong><\/p><p>Um unseren Kunden einen besseren Service bieten zu k\u00f6nnen und um Interessenten Beispiele aufzeigen zu k\u00f6nnen, bieten wir auf unserer Webseite die Benutzung des TeamViewer an.<\/p><p><em>TeamViewer-Verbindungen laufen \u00fcber komplett gesicherte Datenkan\u00e4le, die mit einem 2048 Bit RSA Public-\/Private Key Exchange aufgebaut und mit 256 Bit AES verschl\u00fcsselt sind. Diese Technik wird auch bei https\/SSL eingesetzt und gilt nach heutigem Standard der Technik als vollst\u00e4ndig sicher. Da der Private Key niemals den Clientrechner verl\u00e4sst, ist durch dieses Verfahren technisch sichergestellt, dass zwischengeschaltete Rechner im Internet den Datenstrom nicht entziffern k\u00f6nnen. Das gilt somit auch f\u00fcr die TeamViewer Routingserver. [Quelle:www.teamviewer.com\/de\/]<\/em><\/p><p>Die Einwilligungserkl\u00e4rung f\u00fcr die Verwendung personenbezogener Daten wie ID oder Standort wird mit Installation des TeamViewer aktiv auf dem Rechner gegeben. Somit ist die Rechtm\u00e4\u00dfigkeit nach Art. 6 Abs. 1 (a) DSGVO gegeben.<\/p><p><strong>Datensparsamkeit und -sicherheit<\/strong><\/p><p>Personenbezogene Daten speichern wir gem\u00e4\u00df den Grunds\u00e4tzen der Datenvermeidung und -sparsamkeit nur so lange, wie es zur Zweckerf\u00fcllung erforderlich ist oder vom Gesetzgeber vorgeschrieben ist.&nbsp; Entfallen Zweck und\/oder Speicherfrist, l\u00f6schen oder sperren wir Ihre Daten.<\/p><p>Somit verpflichten wir uns, Ihre Privatsph\u00e4re zu sch\u00fctzen und Ihre personenbezogenen Daten vertraulich zu behandeln. Unsere Technischen und Organisatorischen Ma\u00dfnahmen (TOMs) werden regelm\u00e4\u00dfig \u00fcberpr\u00fcft und dem technischen Fortschritt \u2013 soweit m\u00f6glich \u2013 angepasst. Mit diesen Sicherheitsvorkehrungen versuchen wir Missbrauch, Verlust oder Manipulation Ihrer Daten zu vermeiden. Dennoch m\u00f6chten wir darauf hinweisen, dass es trotz unserer o.g. Sicherungsma\u00dfnahmen, aber aufgrund der Struktur des Internets, nicht immer m\u00f6glich ist, Datenschutz und Sicherheit durch Personen und Institutionen au\u00dferhalb unseres Verantwortungsbereiches beachten zu k\u00f6nnen. Es liegt somit auch im Verantwortungsbereich des Nutzers, die von ihm zur Verf\u00fcgung gestellten Daten, in geeigneter Weise gegen Missbrauch zu sch\u00fctzen.<\/p><p><strong>Betroffenenrechte<\/strong><\/p><p>Mit der Neuordnung des Datenschutzes auf europ\u00e4ischer Ebene \u00e4ndern sich auch die Rechte der Betroffenen, werden detaillierter. In Kapitel III der DSGVO werden diese Rechte aufgelistet:<\/p><p>Art. 13, 14 DSGVO \u2013 Informationspflicht bei Datenerhebung<\/p><p>Art. 15 DSGVO \u2013 Recht auf Auskunft<\/p><p>Art. 16 DSGVO \u2013 Recht auf Berichtigung<\/p><p>Art. 17 DSGVO \u2013 Recht auf L\u00f6schung<\/p><p>Art. 18 DSGVO \u2013 Recht auf Einschr\u00e4nkung der Verarbeitung<\/p><p>Art. 19 DSGVO \u2013 Mitteilungspflicht bei Berichtigung, L\u00f6schung, Einschr\u00e4nkung der Verarbeitung<\/p><p>Art. 20 DSGVO \u2013 Recht auf Daten\u00fcbertragbarkeit<\/p><p>Art. 21 DSGVO \u2013 Widerspruchsrecht<\/p><p>Art. 22 DSGVO \u2013 Automatisierte Entscheidung im Einzelfall, Profiling<\/p><p>Sie haben somit das Recht, auf Antrag und unentgeltlich, eine Auskunft \u00fcber die bei der Firma kamasys GmbH gespeicherten personenbezogenen Daten anzufordern und\/oder eine Berichtigung, Sperrung oder L\u00f6schung zu beantragen bzw. zu verlangen. F\u00fcr diese Zwecke kontaktieren Sie bitte unsere Datenschutzbeauftragte (datenschutz@kamasys.de).<\/p><p>Dar\u00fcber hinaus steht Ihnen ein Beschwerderecht bei einer Aufsichtsbeh\u00f6rde zu.<\/p><p><strong><br>\u00c4nderungen&nbsp;<\/strong><\/p><p>Um zu gew\u00e4hrleisten, dass unsere Datenschutzerkl\u00e4rung stets den aktuellen Vorgaben entspricht, behalten wir uns jederzeit \u00c4nderungen vor. Das gilt auch bei Anpassungen aufgrund neuer oder \u00fcberarbeiteter Leistungen. Die neue Datenschutzerkl\u00e4rung greift dann bei Ihrem n\u00e4chsten Besuch unserer Homepage.<\/p><p><a href=\"https:\/\/www.kamasys.de\/index.php\/datenschutz\/#consent-change\">Privatsph\u00e4re-Einstellungen \u00e4ndern<\/a><\/p>","protected":false},"excerpt":{"rendered":"<p>Postanschrift:kamasys GmbHFriedrichstra\u00dfe 9510117 Berlin Firmensitz:Internationales Handelszentrum Berlinkamasys GmbHFriedrichstra\u00dfe 9510117 Berlin Telefon: +49-30 2096 3919Telefax: +49-30 2096 3950E-Mail:&nbsp;info@kamasys.de Gesch\u00e4ftsf\u00fchrer:Marcel Konrad Handelsregister:HRB 91090 Amtsgericht Berlin-Charlottenburg Steuernummer:Ust-Id-Nr. DE813864384 Haftungsausschluss: Informationen auf dieser WebseiteDie Inhalte unserer Internetseite werden mit gr\u00f6\u00dfter Sorgfalt recherchiert. Dennoch kann [&hellip;]<\/p>\n","protected":false},"author":1,"featured_media":0,"parent":0,"menu_order":0,"comment_status":"closed","ping_status":"open","template":"","meta":{"_monsterinsights_skip_tracking":false,"_monsterinsights_sitenote_active":false,"_monsterinsights_sitenote_note":"","_monsterinsights_sitenote_category":0,"footnotes":""},"class_list":["post-3","page","type-page","status-publish","hentry"],"aioseo_notices":[],"_links":{"self":[{"href":"https:\/\/www.gemeinschaftsverpflegung.de\/index.php\/wp-json\/wp\/v2\/pages\/3","targetHints":{"allow":["GET"]}}],"collection":[{"href":"https:\/\/www.gemeinschaftsverpflegung.de\/index.php\/wp-json\/wp\/v2\/pages"}],"about":[{"href":"https:\/\/www.gemeinschaftsverpflegung.de\/index.php\/wp-json\/wp\/v2\/types\/page"}],"author":[{"embeddable":true,"href":"https:\/\/www.gemeinschaftsverpflegung.de\/index.php\/wp-json\/wp\/v2\/users\/1"}],"replies":[{"embeddable":true,"href":"https:\/\/www.gemeinschaftsverpflegung.de\/index.php\/wp-json\/wp\/v2\/comments?post=3"}],"version-history":[{"count":4,"href":"https:\/\/www.gemeinschaftsverpflegung.de\/index.php\/wp-json\/wp\/v2\/pages\/3\/revisions"}],"predecessor-version":[{"id":3967,"href":"https:\/\/www.gemeinschaftsverpflegung.de\/index.php\/wp-json\/wp\/v2\/pages\/3\/revisions\/3967"}],"wp:attachment":[{"href":"https:\/\/www.gemeinschaftsverpflegung.de\/index.php\/wp-json\/wp\/v2\/media?parent=3"}],"curies":[{"name":"wp","href":"https:\/\/api.w.org\/{rel}","templated":true}]}}